{"id":633,"date":"2021-03-18T10:26:27","date_gmt":"2021-03-18T10:26:27","guid":{"rendered":"https:\/\/allwaters.mokay.ch\/?page_id=633"},"modified":"2021-03-18T10:26:28","modified_gmt":"2021-03-18T10:26:28","slug":"agb","status":"publish","type":"page","link":"https:\/\/allwaters.mokay.ch\/de\/agb\/","title":{"rendered":"AGB"},"content":{"rendered":"\n<h3>ALLGEMEINE GESCH\u00c4FTSBEDINGUNGEN<\/h3>\n\n\n\n<p><strong>1. Geltungsbereich<\/strong><\/p>\n\n\n\n<p>1.1 Diese allgemeinen Gesch\u00e4ftsbedingungen gelten f\u00fcr alle Bestellungen, die Kunden \u00fcber den Online-Shop HolyWaters.ch der Firma HolyWaters GmbH, nachfolgend HolyWaters.ch genannt, t\u00e4tigen.<\/p>\n\n\n\n<p>1.2 Mit der best\u00e4tigten Bestellung gelten diese allgemeinen Gesch\u00e4ftsbedingungen als vom Besteller akzeptiert.<\/p>\n\n\n\n<p><strong>2. Angebot und Vertragsschluss<\/strong><\/p>\n\n\n\n<p>2.1 Die Darstellung der Produkte im Online-Shop stellt kein rechtlich bindendes Angebot, sondern eine Aufforderung zur Bestellung dar.<\/p>\n\n\n\n<p>2.2 Durch Anklicken des Buttons (Zahlen \/ Bestellung aufgeben) gibt der Kunde eine verbindliche Bestellung aller auf der Bestellseite aufgelisteten Produkte ab.<\/p>\n\n\n\n<p>2.3 Unmittelbar nach Erhalt der Bestellung best\u00e4tigt HolyWaters.ch die Bestellung per E-Mail. Der Kaufvertrag Vertrag kommt bei Zahlung zustande.<\/p>\n\n\n\n<p><strong>3. Preise und Versandkosten<\/strong><\/p>\n\n\n\n<p>3.1 Die auf der Produktseite genannten Preise sind inklusiv gesetzliche Mehrwertsteuer (MWST) und exklusiv sonstige Preisbestandteile (Porto, Verpackung) und verstehen sich in Schweizer Franken (CHF). Die genauen Versandkosten werden dem Kunden im Bestellprozess angezeigt.<\/p>\n\n\n\n<p>3.2 Weitere Steuern und Kosten fallen nicht an bei Lieferung in die Schweiz.<\/p>\n\n\n\n<p>3.3 Der Anbieter beh\u00e4lt sich das Recht vor, die Preise jederzeit zu \u00e4ndern. F\u00fcr die Kunden gelten die am Bestelldatum auf der Webseite ver\u00f6ffentlichten Preise.<\/p>\n\n\n\n<p><strong>4. Lieferbedingungen<\/strong><\/p>\n\n\n\n<p>4.1 Die Lieferung physischer Waren erfolgt ausschliesslich innerhalb der Schweiz und des F\u00fcrstentum Lichtenstein.<\/p>\n\n\n\n<p>4.2 Die Lieferfrist betr\u00e4gt, sofern nicht beim Angebot\/Artikel\/Bestellung anders angegeben, f\u00fcr die Schweiz und F\u00fcrstentum Liechtenstein:<\/p>\n\n\n\n<p>&#8211; Post Expressversand: bis zu 2 Arbeitstage<br>&#8211; Post Normalversand: bis zu 10 Arbeitstage<br>&#8211; DHL Expressversand: bis zu 3 Arbeitstage<br><br><\/p>\n\n\n\n<p>Ist eine l\u00e4ngere Lieferfrist notwendig, wird der Kunde sp\u00e4testens nach Ablauf dieser Zeit informiert. Sollte keine Information erfolgen, ist der Kunde berechtigt, auf die Lieferung zu verzichten. Weitere Informationen zu diesem Thema finden Sie unter&nbsp;Zahlung und Versand.&nbsp; Lagerbestandanzeige ist nicht verbindlich, lediglich eine Empfehlung.<\/p>\n\n\n\n<p>4.3 Sollten nicht alle bestellten Produkte vorr\u00e4tig sein, ist HolyWaters.ch zu Teillieferungen berechtigt.<\/p>\n\n\n\n<p>4.4 HolyWaters.ch kann nach Absprache eine in Qualit\u00e4t und Preis gleichwertige Ware oder Dienstleistung dem Kunden anbieten und zusenden bzw. erbringen.<\/p>\n\n\n\n<p>4.5 Sollte die Zustellung des Produkts durch Verschulden des Kunden trotz zweimaligen Aus-lieferungsversuchs scheitern, kann HolyWaters.ch vom Vertrag zur\u00fccktreten. Gegebenenfalls geleistete Zahlungen werden nach Abzug der entstandenen Porto- und Versandkosten unverz\u00fcglich zur\u00fcckerstattet.<\/p>\n\n\n\n<p><strong>5. Zahlungsbedingungen<\/strong><\/p>\n\n\n\n<p>5.1 Die Zahlung erfolgt f\u00fcr Kunden in der Schweiz und im F\u00fcrstentum Lichtenstein wahlweise per Kreditkarte, PayPal, Apple Pay, Google Pay und Twint.<\/p>\n\n\n\n<p>5.2 Bei der Zahlung per Kreditkarte, Google Pay, Apple Pay, PayPal und Twint erfolgt die Belastung des Kontos des Kunden zum Zeitpunkt der Bestellung.<\/p>\n\n\n\n<p>5.3 Eine Verrechnung mit nicht anerkannten oder nicht rechtskr\u00e4ftig festgestellten Gegenforderungen des Kunden ist ausgeschlossen.<\/p>\n\n\n\n<p><strong>6. R\u00fcckgaberecht<\/strong><\/p>\n\n\n\n<p>6.1 Konsumenten haben das Recht, die Vertragserkl\u00e4rung innerhalb von 7 Tagen nach Erhalt der Ware zu widerrufen im Falle beim Erhalt besch\u00e4digter Ware.<\/p>\n\n\n\n<p>Der Widerruf ist HolyWaters.ch schriftlich per E-Mail oder Brief zuzustellen. Eine Begr\u00fcndung ist erforderlich. Der Widerruf ist zu richten an:<\/p>\n\n\n\n<p>HolyWaters.ch<br>Postfach xxxx<\/p>\n\n\n\n<p>5018 Erlinsbach<\/p>\n\n\n\n<p>6.2 Die Aus\u00fcbung des R\u00fcckgaberechts f\u00fchrt zur Umwandlung des Kaufvertrags in ein R\u00fcckabwicklungsverh\u00e4ltnis, wonach die im Rahmen des Kaufvertrags empfangenen Leistungen zur\u00fcck erstattet werden m\u00fcssen. Der Konsument muss die erhaltenen Waren mit der Originalverpackung, unbesch\u00e4digt und sauber innert 7 Tagen zur\u00fccksenden. Versiegelte oder in Plastik verschweisste Artikel d\u00fcrfen nicht ge\u00f6ffnet sein. Die Kosten f\u00fcr die R\u00fccksendung tr\u00e4gt der Konsument.<\/p>\n\n\n\n<p>7.3 Nach Eingang der Ware wird der Kaufpreis, sofern bereits bezahlt, dem Konsumenten umgehend zur\u00fcckerstattet. Vorbehalten bleibt ein Abzug des zu erstattenden Kaufpreises f\u00fcr m\u00f6gliche Besch\u00e4digungen oder \u00fcberm\u00e4ssige Abnutzung der Ware. Kein Abzug erfolgt, wenn der Wertverlust auf einen zur Feststellung der Art, Beschaffenheit und Funktionst\u00fcchtigkeit der Ware notwendigen Umgang mit ihr zur\u00fcckzuf\u00fchren ist. HolyWaters.ch kann die R\u00fcckzahlung verweigern, bis die Waren zur\u00fcckerhalten wurden bzw. bis der Konsument den Nachweis erbracht hat, dass er die Waren zur\u00fcckgeschickt hat, je nachdem, welches der fr\u00fchere Zeitpunkt ist.<\/p>\n\n\n\n<p><strong>7. Gew\u00e4hrleistung<\/strong><\/p>\n\n\n\n<p>7.1 HolyWaters.ch gew\u00e4hrt, dass die Ware den zugesicherten Eigenschaften entspricht, keine ihren Wert oder Tauglichkeit zum vorausgesetzten Gebrauch beeintr\u00e4chtigende M\u00e4ngel hat sowie den vorgeschriebenen Leistungen und Spezifikationen entspricht. HolyWaters.ch beh\u00e4lt sich vor, im Sinne einer Nachbesserung oder Ersatzlieferung, einen bestehenden Mangel zu beseitigen.<\/p>\n\n\n\n<p>7.2 Der K\u00e4ufer hat die gelieferte Ware so rasch wie m\u00f6glich zu pr\u00fcfen und M\u00e4ngel sofort zu melden. Unseren zust\u00e4ndigen Kundendienst finden Sie unter&nbsp;kundendienst@holywaters.ch<\/p>\n\n\n\n<p>7.3 Schlagen Nachbesserung oder Nachlieferung fehl, ist der Kunde zum R\u00fccktritt vom Vertrag berechtigt. Dies gilt nicht f\u00fcr unerhebliche M\u00e4ngel. Ein Recht des Kunden auf Minderung ist ausgeschlossen.<\/p>\n\n\n\n<p><strong>8. Urheberrecht und Copyright<\/strong><\/p>\n\n\n\n<p>Inhalt und Struktur der durch HolyWaters.ch publizierten Produkte und das gesamte Internetangebot sind urheberrechtlich gesch\u00fctzt. Die Verwendung von Beitr\u00e4gen und Arbeitshilfen zum Eigengebrauch durch den Kunden ist gestattet, jedoch bedarf eine vollst\u00e4ndige oder teilweise kommerzielle Verbreitung der ausdr\u00fccklichen Zustimmung der HolyWaters.ch.<\/p>\n\n\n\n<p><strong>9. Haftung f\u00fcr die Online-Verbindung, Passw\u00f6rter und Geheimhaltung<\/strong><\/p>\n\n\n\n<p>9.1 Der Anbieter verpflichtet sich, in Systemen, Programmen usw., die ihm geh\u00f6ren und auf die er Einfluss hat, f\u00fcr Sicherheit nach aktuellem technischem Stand zu sorgen so-wie die Regeln des Datenschutzes zu befolgen.<\/p>\n\n\n\n<p>9.2 Die Kunden haben f\u00fcr die Sicherheit der Systeme, Programme und Daten zu sorgen, die sich in ihrem Einflussbereich befinden. Die Kunden verpflichten sich bei online zur Verf\u00fcgung gestellten Produkten, die \u00fcberlassenen Zugangsdaten zum System sowie Benutzernamen und dazu eingerichtete Passw\u00f6rter streng vertraulich, mit \u00e4usserster Sorgfalt zu behandeln und gegen\u00fcber Dritten geheim halten.<\/p>\n\n\n\n<p>9.3 HolyWaters.ch beh\u00e4lt sich vor, bei Entdecken der multiplen Benutzung von Zugangsdaten eines Einzelberechtigten, die Nutzungsberechtigung unverz\u00fcglich zu beenden.<\/p>\n\n\n\n<p>9.4 Der Anbieter haftet nicht f\u00fcr M\u00e4ngel und St\u00f6rungen, die er nicht zu vertreten hat, vor allem nicht f\u00fcr Sicherheitsm\u00e4ngel und Betriebsausf\u00e4lle von Drittunternehmen, mit denen er zusammenarbeitet oder von denen er abh\u00e4ngig ist.<\/p>\n\n\n\n<p>9.5 Weiter haftet der Anbieter nicht f\u00fcr h\u00f6here Gewalt, unsachgem\u00e4sses Vorgehen und Missachtung der Risiken seitens des Kunden oder Dritter, \u00fcberm\u00e4ssige Beanspruchung, ungeeignete Betriebsmittel des Kunden oder Dritter, extreme Umgebungseinfl\u00fcsse, Eingriffe des Kunden oder St\u00f6rungen durch Dritte (Viren, W\u00fcrmer usw.), die trotz der notwendigen aktuellen Sicherheitsvorkehrungen passieren.<\/p>\n\n\n\n<p><strong>10. Gerichtsstand und anwendbares Recht<\/strong><\/p>\n\n\n\n<p>10.1 F\u00fcr diese AGB gilt schweizerisches Recht, namentlich die Regelungen des schweizerischen Obligationenrechts.<\/p>\n\n\n\n<p>10.2 Auf die Rechtsverh\u00e4ltnisse zwischen die HolyWaters.ch und Kunden sowie auf die jeweiligen Gesch\u00e4ftsbedingungen findet Schweizer Recht Anwendung.<\/p>\n\n\n\n<p>10.3 F\u00fcr aus diesen Vertragsbeziehungen resultierende Streitigkeiten ist das ordentliche Gericht des Anbieters in Aarau Kanton Aaragu, zust\u00e4ndig.<\/p>\n\n\n\n<p><strong>11. Schlussbestimmungen<\/strong><\/p>\n\n\n\n<p>Falls Teile dieser allgemeinen Gesch\u00e4ftsbedingungen unwirksam sein sollten, wird dadurch die G\u00fcltigkeit der \u00fcbrigen Bestimmungen nicht ber\u00fchrt. Anstelle der unwirksamen Bestimmungen treten sinngem\u00e4ss die einschl\u00e4gigen gesetzlichen Bestimmungen.<\/p>\n\n\n\n<p><strong>12. Aktualit\u00e4t und \u00c4nderung der Allgemeine Gesch\u00e4ftsbedingungen<\/strong><\/p>\n\n\n\n<p>Wir k\u00f6nnen diese Allgemeine Gesch\u00e4ftsbedingungen jederzeit \u00e4ndern oder anpassen.<br>Die aktuelle Fassung der Allgemeine Gesch\u00e4ftsbedingungen kann auf HolyWaters.ch\/XXX abgerufen werden.<\/p>\n\n\n\n<p>Version 1.0<br>Februar 2021<\/p>\n\n\n\n<div style=\"height:100px\" aria-hidden=\"true\" class=\"wp-block-spacer\"><\/div>\n\n\n\n<h3>ZAHLUNG UND VERSAND<\/h3>\n\n\n\n<p><a href=\"https:\/\/www.chemstore.ch\/de\/index.php\">SHOP<\/a>\/<a href=\"https:\/\/www.chemstore.ch\/de\/shipping-payment.php\">ZAHLUNG UND VERSAND<\/a><\/p>\n\n\n\n<p><strong>ZAHLUNG UND ABRECHNUNG<\/strong><\/p>\n\n\n\n<p><strong>Paypal<\/strong><\/p>\n\n\n\n<p>PayPal ist ein anerkanntes und sicheres Online Bezahlsystem.<br>F\u00fcr die Zahlung loggen Sie sich mit Ihren Anmeldedaten bei Paypal ein und best\u00e4tigen die Zahlung.<br>Ihre Bankverbindung oder Kreditkartennummer ist in Ihrem PayPal-Konto hinterlegt. Dadurch werden sie bei der Zahlung nicht \u00fcbertragen.<br>Ihre Bezahlung ist mit einer 128-Bit SSL-Verschl\u00fcsselung gesichert. SSL ist ein im Internet anerkanntes Standardprotokoll, das einen sicheren Datenaustausch gew\u00e4hrleistet. Dabei werden s\u00e4mtliche Bestell- und Bezahldaten verschl\u00fcsselt und nur auf diese Art und Weise \u00fcbermittelt.<\/p>\n\n\n\n<p><strong>Bequem und sicher per Kreditkarte zahlen<\/strong><\/p>\n\n\n\n<p>Mit der Kreditkarten-Zahlung entscheiden Sie sich f\u00fcr eine ganz bequeme und zudem sichere Art Ihre Artikel zu bezahlen.<br>Gerne akzeptieren wir Ihre Mastercard-, Visa- et AmEx-Kreditkarte.<br>Um Ihre Kreditkartenzahlungen so sicher wie m\u00f6glich zu gestalten, haben wir das Stripe-Modul integriert. Ihre Bezahlung ist mit einer 128-Bit SSL-Verschl\u00fcsselung gesichert. SSL ist ein im Internet anerkanntes Standardprotokoll, das einen sicheren Datenaustausch gew\u00e4hrleistet. Dabei werden s\u00e4mtliche Bestell- und Bezahldaten verschl\u00fcsselt und nur auf diese Art und Weise \u00fcbermittelt. So auch die Daten Ihrer Kreditkarte. Zudem setzen wir das 3-D Secure Authentifizierungsverfahren ein. 3-D Secure stellt sicher, dass der rechtm\u00e4\u00dfige Karteninhaber und der rechtm\u00e4\u00dfige Online-H\u00e4ndler an einer Transaktion teilnehmen. So lassen sich Betrugsrisiken im E-Commerce-Sektor wirksam minimieren.<\/p>\n\n\n\n<p><strong>ANGABEN ZUM LIEFERGEBIET<\/strong><\/p>\n\n\n\n<p>Wir liefern ausschliesslich innerhalb der Schweiz und des F\u00fcrstentum Lichtenstein.<\/p>\n\n\n\n<p><strong>PORTO- UND VERSANDKOSTEN<\/strong><\/p>\n\n\n\n<p>Wir versenden mit der Schweizerischen Post.<br>Im Falle von Verlust oder Besch\u00e4digung w\u00e4hrend des Transports verpflichten wir uns, die Ware kostenlos zu ersetzen.<br>Ab 1. Januar 2021 sind alle Sendungen der Schweizerischen Post mit dem Label \u00abpro clima\u00bb unterwegs und somit CO2-kompensiert.<br>Mit unserer Erfahrung im Gefahrgut-Versand sorgen unsere Spezialisten daf\u00fcr, dass Ihre Sendung sicher ankommt.<\/p>\n\n\n\n<p><strong>PostPac Economy<\/strong><br>Lieferfrist bis zu 7 Arbeitstage.<br>Die Preise der Zusatzleistungen entnehmen Sie bitte dem entsprechenden unten aufgef\u00fchrten Abschnitt.<\/p>\n\n\n\n<figure class=\"wp-block-table is-style-regular\"><table class=\"has-subtle-light-gray-background-color has-background\"><tbody><tr><td><strong>Bruttogewicht<\/strong><\/td><td><strong>Versandkosten<\/strong><\/td><\/tr><tr><td>Sendung bis 2 Kg<\/td><td>CHF 6.50<\/td><\/tr><tr><td>Sendung bis 5 Kg<\/td><td>CHF 8.36<\/td><\/tr><tr><td>Sendung bis 10 Kg<\/td><td>CHF 9.29<\/td><\/tr><tr><td>Sendung bis 20 Kg<\/td><td>CHF 13.93<\/td><\/tr><tr><td>Sendung bis 30 Kg<\/td><td>CHF 20.43<\/td><\/tr><\/tbody><\/table><\/figure>\n\n\n\n<p><strong>PostPac Priority<\/strong><br>Lieferfrist bis zu 4 Arbeitstage. Zustellung gegen Unterschrift.<\/p>\n\n\n\n<figure class=\"wp-block-table is-style-regular\"><table class=\"has-subtle-light-gray-background-color has-background\"><tbody><tr><td><strong>Bruttogewicht<\/strong><\/td><td><strong>Versandkosten<\/strong><\/td><\/tr><tr><td>Sendung bis 2 Kg<\/td><td>CHF 8.36<\/td><\/tr><tr><td>Sendung bis 5 Kg<\/td><td>CHF 10.21<\/td><\/tr><tr><td>Sendung bis 10 Kg<\/td><td>CHF 11.14<\/td><\/tr><tr><td>Sendung bis 20 Kg<\/td><td>CHF 16.71<\/td><\/tr><tr><td>Sendung bis 30 Kg<\/td><td>CHF 23.21<\/td><\/tr><\/tbody><\/table><\/figure>\n","protected":false},"excerpt":{"rendered":"<p>ALLGEMEINE GESCH\u00c4FTSBEDINGUNGEN 1. Geltungsbereich 1.1 Diese allgemeinen Gesch\u00e4ftsbedingungen gelten f\u00fcr alle Bestellungen, die Kunden \u00fcber den Online-Shop HolyWaters.ch der Firma HolyWaters GmbH, nachfolgend HolyWaters.ch genannt, t\u00e4tigen. 1.2 Mit der best\u00e4tigten Bestellung gelten diese allgemeinen Gesch\u00e4ftsbedingungen als vom Besteller akzeptiert. 2. Angebot und Vertragsschluss 2.1 Die Darstellung der Produkte im Online-Shop stellt kein rechtlich bindendes Angebot, [&hellip;]<\/p>\n","protected":false},"author":1,"featured_media":0,"parent":0,"menu_order":0,"comment_status":"closed","ping_status":"closed","template":"","meta":[],"_links":{"self":[{"href":"https:\/\/allwaters.mokay.ch\/de\/wp-json\/wp\/v2\/pages\/633"}],"collection":[{"href":"https:\/\/allwaters.mokay.ch\/de\/wp-json\/wp\/v2\/pages"}],"about":[{"href":"https:\/\/allwaters.mokay.ch\/de\/wp-json\/wp\/v2\/types\/page"}],"author":[{"embeddable":true,"href":"https:\/\/allwaters.mokay.ch\/de\/wp-json\/wp\/v2\/users\/1"}],"replies":[{"embeddable":true,"href":"https:\/\/allwaters.mokay.ch\/de\/wp-json\/wp\/v2\/comments?post=633"}],"version-history":[{"count":0,"href":"https:\/\/allwaters.mokay.ch\/de\/wp-json\/wp\/v2\/pages\/633\/revisions"}],"wp:attachment":[{"href":"https:\/\/allwaters.mokay.ch\/de\/wp-json\/wp\/v2\/media?parent=633"}],"curies":[{"name":"wp","href":"https:\/\/api.w.org\/{rel}","templated":true}]}}